{"id":1191,"date":"2024-12-03T12:23:05","date_gmt":"2024-12-03T12:23:05","guid":{"rendered":"https:\/\/seab2.pt\/?post_type=product&#038;p=1191"},"modified":"2025-04-10T14:08:10","modified_gmt":"2025-04-10T13:08:10","slug":"brewer-rain-jacket","status":"publish","type":"product","link":"https:\/\/seab2.pt\/en\/product\/brewer-rain-jacket\/","title":{"rendered":"BREWER"},"content":{"rendered":"<p><strong>Pre-sale \u2014 deliveries from September 2025<\/strong><\/p>\n<p><strong>Waterproof Jacket with Hood<\/strong><\/p>\n<p>A lightweight rain jacket with mesh and fabric lining, inspired by the KEEL rain jacket, and named\nafter a variation of a sailboat\u2019s keel \u2014 the keel with a \u2018brewer bite\u2019.<\/p>\n<ul>\n<li>Waterproof jacket<\/li>\n<li>2-layer fabric outer with fabric and mesh lining<\/li>\n<li>Adjustable hood, which can be hidden inside the collar<\/li>\n<li>2 waterproof front pockets with zipper closure<\/li>\n<li>Adjustable cuffs<\/li>\n<li>Adjustable hem<\/li>\n<\/ul>\n<p>&nbsp;<\/p>\n<p>Made in Portugal<\/p>\n<p><strong>Materials<\/strong><br \/>\n<strong>Outer: <\/strong>2L fabric \u2014 100% polyamide<br \/>\n<strong>Lining:\u00a0<\/strong>Fabric and mesh \u2014 100% polyester<\/p>\n<p><strong>Washing Instructions:<\/strong><\/p>\n<ul>\n<li>Wash at a maximum temperature of 30\u00baC<\/li>\n<li>Do not bleach<\/li>\n<li>Do not tumble dry<\/li>\n<li>Iron at a low temperature<\/li>\n<\/ul>","protected":false},"excerpt":{"rendered":"<p>Pr\u00e9-venda \u2014 entregas a partir de Setembro de 2025 Casaco Imperme\u00e1vel com Capuz Um casaco imperme\u00e1vel leve forrado em rede e tecido, inspirado no casaco imperme\u00e1vel KEEL, e nomeado a partir de uma varia\u00e7\u00e3o na quilha de uma embarca\u00e7\u00e3o \u2014 a quilha com uma \u2018dentada brewer&#8217;. Casaco imperme\u00e1vel Tecido exterior de 2 camadas com forro [&hellip;]<\/p>\n","protected":false},"featured_media":1236,"template":"","meta":{"_acf_changed":false,"_monsterinsights_skip_tracking":false,"_monsterinsights_sitenote_active":false,"_monsterinsights_sitenote_note":"","_monsterinsights_sitenote_category":0,"_uf_show_specific_survey":0,"_uf_disable_surveys":false},"product_brand":[],"product_cat":[18],"product_tag":[],"class_list":{"0":"post-1191","1":"product","2":"type-product","3":"status-publish","4":"has-post-thumbnail","6":"product_cat-casacos-coletes","8":"first","9":"outofstock","10":"taxable","11":"shipping-taxable","12":"purchasable","13":"product-type-variable"},"acf":[],"yoast_head":"<!-- This site is optimized with the Yoast SEO plugin v27.3 - https:\/\/yoast.com\/product\/yoast-seo-wordpress\/ -->\n<title>BREWER Rain Jacket | SEAB2\u00ae<\/title>\n<meta name=\"description\" content=\"A lightweight rain jacket with mesh and fabric lining, inspired by the KEEL rain jacket, and named after a variation of a sailboat\u2019s keel \u2014 the keel with a \u2018brewer bite\u2019.\" \/>\n<meta name=\"robots\" content=\"index, follow, max-snippet:-1, max-image-preview:large, max-video-preview:-1\" \/>\n<link rel=\"canonical\" href=\"https:\/\/seab2.pt\/en\/product\/brewer-rain-jacket\/\" \/>\n<meta property=\"og:locale\" content=\"en_GB\" \/>\n<meta property=\"og:type\" content=\"article\" \/>\n<meta property=\"og:title\" content=\"BREWER Rain Jacket | SEAB2\u00ae\" \/>\n<meta property=\"og:description\" content=\"A lightweight rain jacket with mesh and fabric lining, inspired by the KEEL rain jacket, and named after a variation of a sailboat\u2019s keel \u2014 the keel with a \u2018brewer bite\u2019.\" \/>\n<meta property=\"og:url\" content=\"https:\/\/seab2.pt\/en\/product\/brewer-rain-jacket\/\" \/>\n<meta property=\"og:site_name\" content=\"SEAB2\u00ae | Sailing Gear, Activewear and Protective Equipment | Portugal\" \/>\n<meta property=\"article:publisher\" content=\"https:\/\/www.facebook.com\/seab2brand\" \/>\n<meta property=\"article:modified_time\" content=\"2025-04-10T13:08:10+00:00\" \/>\n<meta property=\"og:image\" content=\"https:\/\/seab2.pt\/wp-content\/uploads\/2024\/12\/BREWER_frente-1024x1024.png\" \/>\n\t<meta property=\"og:image:width\" content=\"1024\" \/>\n\t<meta property=\"og:image:height\" content=\"1024\" \/>\n\t<meta property=\"og:image:type\" content=\"image\/png\" \/>\n<meta name=\"twitter:card\" content=\"summary_large_image\" \/>\n<meta name=\"twitter:label1\" content=\"Estimated reading time\" \/>\n\t<meta name=\"twitter:data1\" content=\"1 minute\" \/>\n<script type=\"application\/ld+json\" class=\"yoast-schema-graph\">{\"@context\":\"https:\\\/\\\/schema.org\",\"@graph\":[{\"@type\":\"WebPage\",\"@id\":\"https:\\\/\\\/seab2.pt\\\/produto\\\/brewer-rain-jacket\\\/\",\"url\":\"https:\\\/\\\/seab2.pt\\\/produto\\\/brewer-rain-jacket\\\/\",\"name\":\"BREWER Rain Jacket | SEAB2\u00ae\",\"isPartOf\":{\"@id\":\"https:\\\/\\\/seab2.pt\\\/#website\"},\"primaryImageOfPage\":{\"@id\":\"https:\\\/\\\/seab2.pt\\\/produto\\\/brewer-rain-jacket\\\/#primaryimage\"},\"image\":{\"@id\":\"https:\\\/\\\/seab2.pt\\\/produto\\\/brewer-rain-jacket\\\/#primaryimage\"},\"thumbnailUrl\":\"https:\\\/\\\/seab2.pt\\\/wp-content\\\/uploads\\\/2024\\\/12\\\/BREWER_frente.png\",\"datePublished\":\"2024-12-03T12:23:05+00:00\",\"dateModified\":\"2025-04-10T13:08:10+00:00\",\"description\":\"A lightweight rain jacket with mesh and fabric lining, inspired by the KEEL rain jacket, and named after a variation of a sailboat\u2019s keel \u2014 the keel with a \u2018brewer bite\u2019.\",\"breadcrumb\":{\"@id\":\"https:\\\/\\\/seab2.pt\\\/produto\\\/brewer-rain-jacket\\\/#breadcrumb\"},\"inLanguage\":\"en-GB\",\"potentialAction\":[{\"@type\":\"ReadAction\",\"target\":[\"https:\\\/\\\/seab2.pt\\\/produto\\\/brewer-rain-jacket\\\/\"]}]},{\"@type\":\"ImageObject\",\"inLanguage\":\"en-GB\",\"@id\":\"https:\\\/\\\/seab2.pt\\\/produto\\\/brewer-rain-jacket\\\/#primaryimage\",\"url\":\"https:\\\/\\\/seab2.pt\\\/wp-content\\\/uploads\\\/2024\\\/12\\\/BREWER_frente.png\",\"contentUrl\":\"https:\\\/\\\/seab2.pt\\\/wp-content\\\/uploads\\\/2024\\\/12\\\/BREWER_frente.png\",\"width\":2160,\"height\":2160},{\"@type\":\"BreadcrumbList\",\"@id\":\"https:\\\/\\\/seab2.pt\\\/produto\\\/brewer-rain-jacket\\\/#breadcrumb\",\"itemListElement\":[{\"@type\":\"ListItem\",\"position\":1,\"name\":\"In\u00edcio\",\"item\":\"https:\\\/\\\/seab2.pt\\\/\"},{\"@type\":\"ListItem\",\"position\":2,\"name\":\"Loja\",\"item\":\"https:\\\/\\\/seab2.pt\\\/shop\\\/\"},{\"@type\":\"ListItem\",\"position\":3,\"name\":\"BREWER\"}]},{\"@type\":\"WebSite\",\"@id\":\"https:\\\/\\\/seab2.pt\\\/#website\",\"url\":\"https:\\\/\\\/seab2.pt\\\/\",\"name\":\"SEAB2\u00ae | Roupa Desportiva e Equipamento de Prote\u00e7\u00e3o | Portugal\",\"description\":\"SEAB2\u00ae is an environmentally conscious activewear and protective gear brand with a focus on work, sport and leisure at sea, and whose products are designed and produced in Portugal.\",\"publisher\":{\"@id\":\"https:\\\/\\\/seab2.pt\\\/#organization\"},\"potentialAction\":[{\"@type\":\"SearchAction\",\"target\":{\"@type\":\"EntryPoint\",\"urlTemplate\":\"https:\\\/\\\/seab2.pt\\\/?s={search_term_string}\"},\"query-input\":{\"@type\":\"PropertyValueSpecification\",\"valueRequired\":true,\"valueName\":\"search_term_string\"}}],\"inLanguage\":\"en-GB\"},{\"@type\":\"Organization\",\"@id\":\"https:\\\/\\\/seab2.pt\\\/#organization\",\"name\":\"SEAB2\u00ae | Roupa Desportiva e Equipamento de Prote\u00e7\u00e3o | Portugal\",\"url\":\"https:\\\/\\\/seab2.pt\\\/\",\"logo\":{\"@type\":\"ImageObject\",\"inLanguage\":\"en-GB\",\"@id\":\"https:\\\/\\\/seab2.pt\\\/#\\\/schema\\\/logo\\\/image\\\/\",\"url\":\"https:\\\/\\\/seab2.pt\\\/wp-content\\\/uploads\\\/2024\\\/09\\\/ICELAND-min-1024x768.png\",\"contentUrl\":\"https:\\\/\\\/seab2.pt\\\/wp-content\\\/uploads\\\/2024\\\/09\\\/ICELAND-min-1024x768.png\",\"width\":1024,\"height\":768,\"caption\":\"SEAB2\u00ae | Roupa Desportiva e Equipamento de Prote\u00e7\u00e3o | Portugal\"},\"image\":{\"@id\":\"https:\\\/\\\/seab2.pt\\\/#\\\/schema\\\/logo\\\/image\\\/\"},\"sameAs\":[\"https:\\\/\\\/www.facebook.com\\\/seab2brand\",\"https:\\\/\\\/www.instagram.com\\\/sea_b2\"]}]}<\/script>\n<!-- \/ Yoast SEO plugin. -->","yoast_head_json":{"title":"BREWER Rain Jacket | SEAB2\u00ae","description":"A lightweight rain jacket with mesh and fabric lining, inspired by the KEEL rain jacket, and named after a variation of a sailboat\u2019s keel \u2014 the keel with a \u2018brewer bite\u2019.","robots":{"index":"index","follow":"follow","max-snippet":"max-snippet:-1","max-image-preview":"max-image-preview:large","max-video-preview":"max-video-preview:-1"},"canonical":"https:\/\/seab2.pt\/en\/product\/brewer-rain-jacket\/","og_locale":"en_GB","og_type":"article","og_title":"BREWER Rain Jacket | SEAB2\u00ae","og_description":"A lightweight rain jacket with mesh and fabric lining, inspired by the KEEL rain jacket, and named after a variation of a sailboat\u2019s keel \u2014 the keel with a \u2018brewer bite\u2019.","og_url":"https:\/\/seab2.pt\/en\/product\/brewer-rain-jacket\/","og_site_name":"SEAB2\u00ae | Sailing Gear, Activewear and Protective Equipment | Portugal","article_publisher":"https:\/\/www.facebook.com\/seab2brand","article_modified_time":"2025-04-10T13:08:10+00:00","og_image":[{"width":1024,"height":1024,"url":"https:\/\/seab2.pt\/wp-content\/uploads\/2024\/12\/BREWER_frente-1024x1024.png","type":"image\/png"}],"twitter_card":"summary_large_image","twitter_misc":{"Estimated reading time":"1 minute"},"schema":{"@context":"https:\/\/schema.org","@graph":[{"@type":"WebPage","@id":"https:\/\/seab2.pt\/produto\/brewer-rain-jacket\/","url":"https:\/\/seab2.pt\/produto\/brewer-rain-jacket\/","name":"BREWER Rain Jacket | SEAB2\u00ae","isPartOf":{"@id":"https:\/\/seab2.pt\/#website"},"primaryImageOfPage":{"@id":"https:\/\/seab2.pt\/produto\/brewer-rain-jacket\/#primaryimage"},"image":{"@id":"https:\/\/seab2.pt\/produto\/brewer-rain-jacket\/#primaryimage"},"thumbnailUrl":"https:\/\/seab2.pt\/wp-content\/uploads\/2024\/12\/BREWER_frente.png","datePublished":"2024-12-03T12:23:05+00:00","dateModified":"2025-04-10T13:08:10+00:00","description":"A lightweight rain jacket with mesh and fabric lining, inspired by the KEEL rain jacket, and named after a variation of a sailboat\u2019s keel \u2014 the keel with a \u2018brewer bite\u2019.","breadcrumb":{"@id":"https:\/\/seab2.pt\/produto\/brewer-rain-jacket\/#breadcrumb"},"inLanguage":"en-GB","potentialAction":[{"@type":"ReadAction","target":["https:\/\/seab2.pt\/produto\/brewer-rain-jacket\/"]}]},{"@type":"ImageObject","inLanguage":"en-GB","@id":"https:\/\/seab2.pt\/produto\/brewer-rain-jacket\/#primaryimage","url":"https:\/\/seab2.pt\/wp-content\/uploads\/2024\/12\/BREWER_frente.png","contentUrl":"https:\/\/seab2.pt\/wp-content\/uploads\/2024\/12\/BREWER_frente.png","width":2160,"height":2160},{"@type":"BreadcrumbList","@id":"https:\/\/seab2.pt\/produto\/brewer-rain-jacket\/#breadcrumb","itemListElement":[{"@type":"ListItem","position":1,"name":"In\u00edcio","item":"https:\/\/seab2.pt\/"},{"@type":"ListItem","position":2,"name":"Loja","item":"https:\/\/seab2.pt\/shop\/"},{"@type":"ListItem","position":3,"name":"BREWER"}]},{"@type":"WebSite","@id":"https:\/\/seab2.pt\/#website","url":"https:\/\/seab2.pt\/","name":"SEAB2\u00ae | Roupa Desportiva e Equipamento de Prote\u00e7\u00e3o | Portugal","description":"SEAB2\u00ae is an environmentally conscious activewear and protective gear brand with a focus on work, sport and leisure at sea, and whose products are designed and produced in Portugal.","publisher":{"@id":"https:\/\/seab2.pt\/#organization"},"potentialAction":[{"@type":"SearchAction","target":{"@type":"EntryPoint","urlTemplate":"https:\/\/seab2.pt\/?s={search_term_string}"},"query-input":{"@type":"PropertyValueSpecification","valueRequired":true,"valueName":"search_term_string"}}],"inLanguage":"en-GB"},{"@type":"Organization","@id":"https:\/\/seab2.pt\/#organization","name":"SEAB2\u00ae | Roupa Desportiva e Equipamento de Prote\u00e7\u00e3o | Portugal","url":"https:\/\/seab2.pt\/","logo":{"@type":"ImageObject","inLanguage":"en-GB","@id":"https:\/\/seab2.pt\/#\/schema\/logo\/image\/","url":"https:\/\/seab2.pt\/wp-content\/uploads\/2024\/09\/ICELAND-min-1024x768.png","contentUrl":"https:\/\/seab2.pt\/wp-content\/uploads\/2024\/09\/ICELAND-min-1024x768.png","width":1024,"height":768,"caption":"SEAB2\u00ae | Roupa Desportiva e Equipamento de Prote\u00e7\u00e3o | Portugal"},"image":{"@id":"https:\/\/seab2.pt\/#\/schema\/logo\/image\/"},"sameAs":["https:\/\/www.facebook.com\/seab2brand","https:\/\/www.instagram.com\/sea_b2"]}]}},"_links":{"self":[{"href":"https:\/\/seab2.pt\/en\/wp-json\/wp\/v2\/product\/1191","targetHints":{"allow":["GET"]}}],"collection":[{"href":"https:\/\/seab2.pt\/en\/wp-json\/wp\/v2\/product"}],"about":[{"href":"https:\/\/seab2.pt\/en\/wp-json\/wp\/v2\/types\/product"}],"wp:featuredmedia":[{"embeddable":true,"href":"https:\/\/seab2.pt\/en\/wp-json\/wp\/v2\/media\/1236"}],"wp:attachment":[{"href":"https:\/\/seab2.pt\/en\/wp-json\/wp\/v2\/media?parent=1191"}],"wp:term":[{"taxonomy":"product_brand","embeddable":true,"href":"https:\/\/seab2.pt\/en\/wp-json\/wp\/v2\/product_brand?post=1191"},{"taxonomy":"product_cat","embeddable":true,"href":"https:\/\/seab2.pt\/en\/wp-json\/wp\/v2\/product_cat?post=1191"},{"taxonomy":"product_tag","embeddable":true,"href":"https:\/\/seab2.pt\/en\/wp-json\/wp\/v2\/product_tag?post=1191"}],"curies":[{"name":"wp","href":"https:\/\/api.w.org\/{rel}","templated":true}]}}